{"id":394,"date":"2018-03-22T10:25:58","date_gmt":"2018-03-22T08:25:58","guid":{"rendered":"http:\/\/www.putkitekniikka.com\/WordPress\/?page_id=394"},"modified":"2026-04-28T10:20:14","modified_gmt":"2026-04-28T10:20:14","slug":"lvi-palvelut","status":"publish","type":"page","link":"https:\/\/www.putkitekniikka.fi\/?page_id=394","title":{"rendered":"LVI-palvelut"},"content":{"rendered":"<div class=\"wp-block-image\">\n<figure class=\"alignright is-resized\"><img loading=\"lazy\" decoding=\"async\" width=\"275\" height=\"199\" src=\"https:\/\/www.putkitekniikka.fi\/wp-content\/uploads\/2018\/03\/Luotettava.png\" alt=\"\" class=\"wp-image-417\" style=\"width:206px;height:149px\"\/><figcaption class=\"wp-element-caption\"><em>Putkitekniikka Oy tarjoaa p\u00e4\u00e4kaupunkiseudulla LVI-asennukset ja -korjaukset taloyhti\u00f6ille, rakennusliikkeille ja kiinteist\u00f6n omistajille.<\/em><\/figcaption><\/figure>\n<\/div>\n\n\n<h2 class=\"wp-block-heading\">Hinnoittelu<\/h2>\n\n\n\n<p class=\"has-medium-font-size\">Toimintamme perustuu l\u00e4pin\u00e4kyvyyteen, jotta hinnoittelun perusteet ovat asiakkaalle selke\u00e4t ja helposti ymm\u00e4rrett\u00e4v\u00e4t.<\/p>\n\n\n\n<p class=\"has-medium-font-size\">Meill\u00e4 on k\u00e4yt\u00f6ss\u00e4 minimiveloitus LVI-asentajan k\u00e4ynnille, joka on kaksi (2) tuntia. Vaikka varsinainen ty\u00f6 kohteessa kest\u00e4isi tunnin tai alle, ty\u00f6aikaan sis\u00e4llytet\u00e4\u00e4n my\u00f6s asentajan ajomatkat kohteeseen ja takaisin.<\/p>\n\n\n\n<p class=\"has-medium-font-size\">Laskutettava ty\u00f6aika koostuu siis varsinaisen asennus- tai korjausty\u00f6n lis\u00e4ksi my\u00f6s matka-ajasta. Lis\u00e4ksi laskutettavaan ty\u00f6h\u00f6n kuuluvat ty\u00f6n kannalta v\u00e4ltt\u00e4m\u00e4tt\u00f6m\u00e4t selvitysty\u00f6t, varaosien hankintaan liittyv\u00e4t toimenpiteet sek\u00e4 mahdolliset k\u00e4ynnit tukkuliikkeess\u00e4 tai j\u00e4tteenk\u00e4sittelypisteess\u00e4.<\/p>\n\n\n\n<p class=\"has-medium-font-size\">Asentajilla on huoltoautoissaan mukana yleisimpi\u00e4 varaosia, mutta kaikkia tarvittavia osia ei ole mahdollista kuljettaa mukana. T\u00e4ll\u00f6in tilaamme tarvittavat varaosat tukkuliikkeist\u00e4. Asennus- ja korjaust\u00f6iden aikataulut m\u00e4\u00e4r\u00e4ytyv\u00e4t varaosien saatavuuden sek\u00e4 asentajiemme ty\u00f6tilanteen mukaan.<\/p>\n\n\n\n<p class=\"has-medium-font-size\">Taloyhti\u00f6t ja yritykset voivat tehd\u00e4 kanssamme LVI-t\u00f6iden huoltosopimuksen. Ota yhteytt\u00e4, niin sovitaan tapaaminen ja r\u00e4\u00e4t\u00e4l\u00f6id\u00e4\u00e4n teille sopiva huoltosopimus.<\/p>\n\n\n\n<p class=\"has-medium-font-size\">Putkitekniikka Oy on helsinkil\u00e4inen, luotettava suomalainen LVI-asennus- ja huoltoliike, joka on palvellut asiakkaitaan vuodesta 1994.<\/p>\n\n\n\n<div class=\"wp-block-media-text alignwide is-stacked-on-mobile has-background\" style=\"background-color:#edf8ff;grid-template-columns:27% auto\"><figure class=\"wp-block-media-text__media\"><img loading=\"lazy\" decoding=\"async\" width=\"600\" height=\"664\" src=\"https:\/\/www.putkitekniikka.fi\/wp-content\/uploads\/2018\/03\/Putki.png\" alt=\"\" class=\"wp-image-430 size-full\" srcset=\"https:\/\/www.putkitekniikka.fi\/wp-content\/uploads\/2018\/03\/Putki.png 600w, https:\/\/www.putkitekniikka.fi\/wp-content\/uploads\/2018\/03\/Putki-271x300.png 271w\" sizes=\"auto, (max-width: 600px) 100vw, 600px\" \/><\/figure><div class=\"wp-block-media-text__content\">\n<p class=\"has-vivid-cyan-blue-color has-text-color\" style=\"font-size:26px\">Kaikki LVI-ty\u00f6t meilt\u00e4!<\/p>\n\n\n\n<p class=\"has-vivid-cyan-blue-color has-text-color\" style=\"font-size:26px\">Soita ja kysy.<br><\/p>\n<\/div><\/div>\n","protected":false},"excerpt":{"rendered":"<p>Hinnoittelu Toimintamme perustuu l\u00e4pin\u00e4kyvyyteen, jotta hinnoittelun perusteet ovat asiakkaalle selke\u00e4t ja helposti ymm\u00e4rrett\u00e4v\u00e4t. Meill\u00e4 on k\u00e4yt\u00f6ss\u00e4 minimiveloitus LVI-asentajan k\u00e4ynnille, joka on kaksi (2) tuntia. Vaikka varsinainen ty\u00f6 kohteessa kest\u00e4isi tunnin tai alle, ty\u00f6aikaan sis\u00e4llytet\u00e4\u00e4n my\u00f6s asentajan ajomatkat kohteeseen ja takaisin. Laskutettava ty\u00f6aika koostuu siis varsinaisen asennus- tai korjausty\u00f6n lis\u00e4ksi my\u00f6s matka-ajasta. Lis\u00e4ksi laskutettavaan ty\u00f6h\u00f6n kuuluvat ty\u00f6n kannalta v\u00e4ltt\u00e4m\u00e4tt\u00f6m\u00e4t selvitysty\u00f6t, varaosien hankintaan liittyv\u00e4t toimenpiteet sek\u00e4 mahdolliset k\u00e4ynnit tukkuliikkeess\u00e4 tai j\u00e4tteenk\u00e4sittelypisteess\u00e4. Asentajilla on huoltoautoissaan mukana yleisimpi\u00e4 varaosia, mutta kaikkia tarvittavia osia ei ole mahdollista kuljettaa mukana. T\u00e4ll\u00f6in tilaamme tarvittavat varaosat tukkuliikkeist\u00e4. Asennus- ja korjaust\u00f6iden aikataulut m\u00e4\u00e4r\u00e4ytyv\u00e4t varaosien saatavuuden sek\u00e4 asentajiemme ty\u00f6tilanteen mukaan. Taloyhti\u00f6t ja yritykset voivat tehd\u00e4 kanssamme LVI-t\u00f6iden huoltosopimuksen. Ota yhteytt\u00e4,&hellip; <a class=\"read-more\" href=\"https:\/\/www.putkitekniikka.fi\/?page_id=394\">Read More<\/a><\/p>\n","protected":false},"author":1,"featured_media":0,"parent":0,"menu_order":0,"comment_status":"closed","ping_status":"closed","template":"","meta":{"footnotes":""},"class_list":["post-394","page","type-page","status-publish","hentry"],"yoast_head":"<!-- This site is optimized with the Yoast SEO plugin v27.6 - https:\/\/yoast.com\/product\/yoast-seo-wordpress\/ -->\n<title>LVI-palvelut - Putkitekniikka Oy - Putkitekniikka Oy<\/title>\n<meta name=\"description\" content=\"Tarjoamme kaikki lvi-palvelut ammattitaidolla teollisuudelle, taloyhti\u00f6ille, rakennusliikkeille ja kiinteist\u00f6n omistajille. - Putkitekniikka Oy\" \/>\n<meta name=\"robots\" content=\"index, follow, max-snippet:-1, max-image-preview:large, max-video-preview:-1\" \/>\n<link rel=\"canonical\" href=\"https:\/\/www.putkitekniikka.fi\/?page_id=394\" \/>\n<meta property=\"og:locale\" content=\"fi_FI\" \/>\n<meta property=\"og:type\" content=\"article\" \/>\n<meta property=\"og:title\" content=\"LVI-palvelut - Putkitekniikka Oy - Putkitekniikka Oy\" \/>\n<meta property=\"og:description\" content=\"Tarjoamme kaikki lvi-palvelut ammattitaidolla teollisuudelle, taloyhti\u00f6ille, rakennusliikkeille ja kiinteist\u00f6n omistajille. - Putkitekniikka Oy\" \/>\n<meta property=\"og:url\" content=\"https:\/\/www.putkitekniikka.fi\/?page_id=394\" \/>\n<meta property=\"og:site_name\" content=\"Putkitekniikka Oy\" \/>\n<meta property=\"article:modified_time\" content=\"2026-04-28T10:20:14+00:00\" \/>\n<meta property=\"og:image\" content=\"https:\/\/www.putkitekniikka.fi\/wp-content\/uploads\/2018\/03\/Luotettava.png\" \/>\n\t<meta property=\"og:image:width\" content=\"275\" \/>\n\t<meta property=\"og:image:height\" content=\"199\" \/>\n\t<meta property=\"og:image:type\" content=\"image\/png\" \/>\n<meta name=\"twitter:card\" content=\"summary_large_image\" \/>\n<meta name=\"twitter:label1\" content=\"Arvioitu lukuaika\" \/>\n\t<meta name=\"twitter:data1\" content=\"2 minuuttia\" \/>\n<script type=\"application\/ld+json\" class=\"yoast-schema-graph\">{\"@context\":\"https:\\\/\\\/schema.org\",\"@graph\":[{\"@type\":\"WebPage\",\"@id\":\"https:\\\/\\\/www.putkitekniikka.fi\\\/?page_id=394\",\"url\":\"https:\\\/\\\/www.putkitekniikka.fi\\\/?page_id=394\",\"name\":\"LVI-palvelut - Putkitekniikka Oy - Putkitekniikka Oy\",\"isPartOf\":{\"@id\":\"https:\\\/\\\/www.putkitekniikka.fi\\\/#website\"},\"primaryImageOfPage\":{\"@id\":\"https:\\\/\\\/www.putkitekniikka.fi\\\/?page_id=394#primaryimage\"},\"image\":{\"@id\":\"https:\\\/\\\/www.putkitekniikka.fi\\\/?page_id=394#primaryimage\"},\"thumbnailUrl\":\"https:\\\/\\\/www.putkitekniikka.fi\\\/wp-content\\\/uploads\\\/2018\\\/03\\\/Luotettava.png\",\"datePublished\":\"2018-03-22T08:25:58+00:00\",\"dateModified\":\"2026-04-28T10:20:14+00:00\",\"description\":\"Tarjoamme kaikki lvi-palvelut ammattitaidolla teollisuudelle, taloyhti\u00f6ille, rakennusliikkeille ja kiinteist\u00f6n omistajille. - Putkitekniikka Oy\",\"breadcrumb\":{\"@id\":\"https:\\\/\\\/www.putkitekniikka.fi\\\/?page_id=394#breadcrumb\"},\"inLanguage\":\"fi\",\"potentialAction\":[{\"@type\":\"ReadAction\",\"target\":[\"https:\\\/\\\/www.putkitekniikka.fi\\\/?page_id=394\"]}]},{\"@type\":\"ImageObject\",\"inLanguage\":\"fi\",\"@id\":\"https:\\\/\\\/www.putkitekniikka.fi\\\/?page_id=394#primaryimage\",\"url\":\"https:\\\/\\\/www.putkitekniikka.fi\\\/wp-content\\\/uploads\\\/2018\\\/03\\\/Luotettava.png\",\"contentUrl\":\"https:\\\/\\\/www.putkitekniikka.fi\\\/wp-content\\\/uploads\\\/2018\\\/03\\\/Luotettava.png\"},{\"@type\":\"BreadcrumbList\",\"@id\":\"https:\\\/\\\/www.putkitekniikka.fi\\\/?page_id=394#breadcrumb\",\"itemListElement\":[{\"@type\":\"ListItem\",\"position\":1,\"name\":\"Etusivu\",\"item\":\"https:\\\/\\\/www.putkitekniikka.fi\\\/\"},{\"@type\":\"ListItem\",\"position\":2,\"name\":\"LVI-palvelut\"}]},{\"@type\":\"WebSite\",\"@id\":\"https:\\\/\\\/www.putkitekniikka.fi\\\/#website\",\"url\":\"https:\\\/\\\/www.putkitekniikka.fi\\\/\",\"name\":\"Putkitekniikka Oy\",\"description\":\"LVI-palvelut Putkitekniikka Oy\",\"publisher\":{\"@id\":\"https:\\\/\\\/www.putkitekniikka.fi\\\/#organization\"},\"potentialAction\":[{\"@type\":\"SearchAction\",\"target\":{\"@type\":\"EntryPoint\",\"urlTemplate\":\"https:\\\/\\\/www.putkitekniikka.fi\\\/?s={search_term_string}\"},\"query-input\":{\"@type\":\"PropertyValueSpecification\",\"valueRequired\":true,\"valueName\":\"search_term_string\"}}],\"inLanguage\":\"fi\"},{\"@type\":\"Organization\",\"@id\":\"https:\\\/\\\/www.putkitekniikka.fi\\\/#organization\",\"name\":\"Putkitekniikka Oy\",\"url\":\"https:\\\/\\\/www.putkitekniikka.fi\\\/\",\"logo\":{\"@type\":\"ImageObject\",\"inLanguage\":\"fi\",\"@id\":\"https:\\\/\\\/www.putkitekniikka.fi\\\/#\\\/schema\\\/logo\\\/image\\\/\",\"url\":\"https:\\\/\\\/www.putkitekniikka.fi\\\/wp-content\\\/uploads\\\/2018\\\/03\\\/cropped-logo3.png\",\"contentUrl\":\"https:\\\/\\\/www.putkitekniikka.fi\\\/wp-content\\\/uploads\\\/2018\\\/03\\\/cropped-logo3.png\",\"width\":857,\"height\":102,\"caption\":\"Putkitekniikka Oy\"},\"image\":{\"@id\":\"https:\\\/\\\/www.putkitekniikka.fi\\\/#\\\/schema\\\/logo\\\/image\\\/\"}}]}<\/script>\n<!-- \/ Yoast SEO plugin. -->","yoast_head_json":{"title":"LVI-palvelut - Putkitekniikka Oy - Putkitekniikka Oy","description":"Tarjoamme kaikki lvi-palvelut ammattitaidolla teollisuudelle, taloyhti\u00f6ille, rakennusliikkeille ja kiinteist\u00f6n omistajille. - Putkitekniikka Oy","robots":{"index":"index","follow":"follow","max-snippet":"max-snippet:-1","max-image-preview":"max-image-preview:large","max-video-preview":"max-video-preview:-1"},"canonical":"https:\/\/www.putkitekniikka.fi\/?page_id=394","og_locale":"fi_FI","og_type":"article","og_title":"LVI-palvelut - Putkitekniikka Oy - Putkitekniikka Oy","og_description":"Tarjoamme kaikki lvi-palvelut ammattitaidolla teollisuudelle, taloyhti\u00f6ille, rakennusliikkeille ja kiinteist\u00f6n omistajille. - Putkitekniikka Oy","og_url":"https:\/\/www.putkitekniikka.fi\/?page_id=394","og_site_name":"Putkitekniikka Oy","article_modified_time":"2026-04-28T10:20:14+00:00","og_image":[{"width":275,"height":199,"url":"https:\/\/www.putkitekniikka.fi\/wp-content\/uploads\/2018\/03\/Luotettava.png","type":"image\/png"}],"twitter_card":"summary_large_image","twitter_misc":{"Arvioitu lukuaika":"2 minuuttia"},"schema":{"@context":"https:\/\/schema.org","@graph":[{"@type":"WebPage","@id":"https:\/\/www.putkitekniikka.fi\/?page_id=394","url":"https:\/\/www.putkitekniikka.fi\/?page_id=394","name":"LVI-palvelut - Putkitekniikka Oy - Putkitekniikka Oy","isPartOf":{"@id":"https:\/\/www.putkitekniikka.fi\/#website"},"primaryImageOfPage":{"@id":"https:\/\/www.putkitekniikka.fi\/?page_id=394#primaryimage"},"image":{"@id":"https:\/\/www.putkitekniikka.fi\/?page_id=394#primaryimage"},"thumbnailUrl":"https:\/\/www.putkitekniikka.fi\/wp-content\/uploads\/2018\/03\/Luotettava.png","datePublished":"2018-03-22T08:25:58+00:00","dateModified":"2026-04-28T10:20:14+00:00","description":"Tarjoamme kaikki lvi-palvelut ammattitaidolla teollisuudelle, taloyhti\u00f6ille, rakennusliikkeille ja kiinteist\u00f6n omistajille. - Putkitekniikka Oy","breadcrumb":{"@id":"https:\/\/www.putkitekniikka.fi\/?page_id=394#breadcrumb"},"inLanguage":"fi","potentialAction":[{"@type":"ReadAction","target":["https:\/\/www.putkitekniikka.fi\/?page_id=394"]}]},{"@type":"ImageObject","inLanguage":"fi","@id":"https:\/\/www.putkitekniikka.fi\/?page_id=394#primaryimage","url":"https:\/\/www.putkitekniikka.fi\/wp-content\/uploads\/2018\/03\/Luotettava.png","contentUrl":"https:\/\/www.putkitekniikka.fi\/wp-content\/uploads\/2018\/03\/Luotettava.png"},{"@type":"BreadcrumbList","@id":"https:\/\/www.putkitekniikka.fi\/?page_id=394#breadcrumb","itemListElement":[{"@type":"ListItem","position":1,"name":"Etusivu","item":"https:\/\/www.putkitekniikka.fi\/"},{"@type":"ListItem","position":2,"name":"LVI-palvelut"}]},{"@type":"WebSite","@id":"https:\/\/www.putkitekniikka.fi\/#website","url":"https:\/\/www.putkitekniikka.fi\/","name":"Putkitekniikka Oy","description":"LVI-palvelut Putkitekniikka Oy","publisher":{"@id":"https:\/\/www.putkitekniikka.fi\/#organization"},"potentialAction":[{"@type":"SearchAction","target":{"@type":"EntryPoint","urlTemplate":"https:\/\/www.putkitekniikka.fi\/?s={search_term_string}"},"query-input":{"@type":"PropertyValueSpecification","valueRequired":true,"valueName":"search_term_string"}}],"inLanguage":"fi"},{"@type":"Organization","@id":"https:\/\/www.putkitekniikka.fi\/#organization","name":"Putkitekniikka Oy","url":"https:\/\/www.putkitekniikka.fi\/","logo":{"@type":"ImageObject","inLanguage":"fi","@id":"https:\/\/www.putkitekniikka.fi\/#\/schema\/logo\/image\/","url":"https:\/\/www.putkitekniikka.fi\/wp-content\/uploads\/2018\/03\/cropped-logo3.png","contentUrl":"https:\/\/www.putkitekniikka.fi\/wp-content\/uploads\/2018\/03\/cropped-logo3.png","width":857,"height":102,"caption":"Putkitekniikka Oy"},"image":{"@id":"https:\/\/www.putkitekniikka.fi\/#\/schema\/logo\/image\/"}}]}},"_links":{"self":[{"href":"https:\/\/www.putkitekniikka.fi\/index.php?rest_route=\/wp\/v2\/pages\/394","targetHints":{"allow":["GET"]}}],"collection":[{"href":"https:\/\/www.putkitekniikka.fi\/index.php?rest_route=\/wp\/v2\/pages"}],"about":[{"href":"https:\/\/www.putkitekniikka.fi\/index.php?rest_route=\/wp\/v2\/types\/page"}],"author":[{"embeddable":true,"href":"https:\/\/www.putkitekniikka.fi\/index.php?rest_route=\/wp\/v2\/users\/1"}],"replies":[{"embeddable":true,"href":"https:\/\/www.putkitekniikka.fi\/index.php?rest_route=%2Fwp%2Fv2%2Fcomments&post=394"}],"version-history":[{"count":1,"href":"https:\/\/www.putkitekniikka.fi\/index.php?rest_route=\/wp\/v2\/pages\/394\/revisions"}],"predecessor-version":[{"id":1093,"href":"https:\/\/www.putkitekniikka.fi\/index.php?rest_route=\/wp\/v2\/pages\/394\/revisions\/1093"}],"wp:attachment":[{"href":"https:\/\/www.putkitekniikka.fi\/index.php?rest_route=%2Fwp%2Fv2%2Fmedia&parent=394"}],"curies":[{"name":"wp","href":"https:\/\/api.w.org\/{rel}","templated":true}]}}